
{"id":5,"date":"2017-01-20T14:29:25","date_gmt":"2017-01-20T14:29:25","guid":{"rendered":"http:\/\/schoonheidssalonjohanna.nl\/salon\/?page_id=5"},"modified":"2026-02-19T17:10:20","modified_gmt":"2026-02-19T17:10:20","slug":"behandelingen","status":"publish","type":"page","link":"https:\/\/schoonheidssalonjohanna.nl\/salon\/behandelingen\/","title":{"rendered":"Gezichtsbehandelingen"},"content":{"rendered":"<blockquote>\r\n<p>&nbsp;<\/p>\r\n<\/blockquote>\r\n<h3><strong><span style=\"color: #993300;\">Luxe gezichtsbehandeling 70 minuten<\/span><\/strong><\/h3>\r\n<p><b>Bestaande uit:<\/b> Huidanalyse, reiniging, dieptereiniging, epileren wenkbrauwen, verwijderen onzuiverheden, gelaat-, nek- en decollet\u00e9massage,<span style=\"color: #333333;\"> oogmasker, peel off\u00a0gezichtsmasker,<\/span> hoofdhuidmassage, oogcr\u00e8me, huidolie of serum, dagcr\u00e8me . <strong>\u20ac 59,-<\/strong><\/p>\r\n<p>&nbsp;<\/p>\r\n<h3><span style=\"color: #993300;\">Basis gezichtsbehandeling 60 minuten<\/span><\/h3>\r\n<p><b>Bestaande uit:<\/b> Huidanalyse, reiniging, dieptereiniging, epileren wenkbrauwen, verwijderen onzuiverheden, gelaat-, nek- en decollet\u00e9massage, masker, dagcr\u00e8me.\u00a0<strong> \u20ac 49,-<\/strong><\/p>\r\n<p>&nbsp;<\/p>\r\n<h3><span style=\"color: #993300;\">Korte gezichtsbehandeling 35 minuten<\/span><\/h3>\r\n<p><b>Bestaande uit:<\/b> Huidanalyse, reiniging, dieptereiniging, verwijderen onzuiverheden, masker, dagcr\u00e8me. <strong>\u20ac 37,-<\/strong><\/p>\r\n<p>&nbsp;<\/p>\r\n<h3><span style=\"color: #993300;\">Zen behandeling 75 minuten<\/span><\/h3>\r\n<p><b>Bestaande uit:<\/b> Huidanalyse, introductiemassage met kruidenstempels, reiniging, dieptereiniging, epileren wenkbrauwen, verwijderen onzuiverheden, gelaat-, nek- en decollet\u00e9massage, gezichtsmasker, oogmasker, hoofdhuid en voetmassage, oogcr\u00e8me, dagcr\u00e8me.\u00a0<strong>\u20ac 58,-<\/strong><\/p>\r\n<p>&nbsp;<\/p>\r\n<h3><strong><span style=\"color: #993300;\">Relax behandeling 120 minuten<\/span><\/strong><\/h3>\r\n<p><strong>Bestaande uit:\u00a0<\/strong>Huidanalyse, wenkbrauwen epileren, reiniging, dieptereiniging, verwijderen onzuiverheden, bindweefselmassage gezicht, klassieke massage gezicht-nek en decollet\u00e9, masker, hoofdhuid en voetmassage, oogcr\u00e8me, dagcr\u00e8me. <strong>\u20ac 78,-<\/strong><\/p>\r\n<p>&nbsp;<\/p>\r\n<h3><span style=\"color: #993300;\">B<\/span><span style=\"color: #993300;\"><strong>indweefselmassage 60 minuten<\/strong><\/span><\/h3>\r\n<p><strong>Bestaande uit: <\/strong>Huidanalyse, reininging, dieptereiniging, bindweefselmassage, masker, dagcr\u00e8me.\u00a0<strong>\u20ac 54,-<\/strong><\/p>\r\n<p>&nbsp;<\/p>\r\n<h3 class=\"has-text-color\" style=\"color: #d15a2e;\"><span style=\"color: #993300;\">Bindweefselmassage de luxe 70 minuten<\/span><\/h3>\r\n<p><!-- \/wp:post-content -->\r\n\r\n<!-- wp:paragraph --><\/p>\r\n<p><strong>Bestaande uit<\/strong>: Huidanalyse, wenkbrauwen epileren, reiniging , dieptereiniging dmv. peeling of lysing, verwijderen onzuiverheden, bindweefselmassage gezicht en decollet\u00e9, bioactive vitamine c, biocellulosemasker, huidolie, oogcr\u00e8me, dagcr\u00e8me.\u00a0<strong>\u20ac 64,-<\/strong><\/p>\r\n<p>&nbsp;<\/p>\r\n<h3><strong><span style=\"color: #993300;\">Super de luxe gezichtsbehandeling 90 minuten<\/span><\/strong><\/h3>\r\n<p><span style=\"color: #333333;\"><strong>Bestaande uit<\/strong>: Huidanalyse, wenkbrauwen epileren, reiniging, dieptereiniging, verwijderen onzuiverheden, massage gezicht-nek en decollet\u00e9 met de dry skin rescue serum, bioactive vitamine c, biocellulosemasker, huidolie, oogcr\u00e8me, dagcr\u00e8me.\u00a0<strong>\u20ac 72,-<\/strong><\/span><\/p>\r\n<!-- wp:heading {\"level\":3,\"customTextColor\":\"#d15a2e\"} -->\r\n<h3>\u00a0<\/h3>\r\n<p>&nbsp;<\/p>\r\n<!-- \/wp:heading -->\r\n\r\n<!-- wp:paragraph \/-->\r\n\r\n<!-- wp:paragraph -->\r\n<p>&nbsp;<\/p>\r\n<!-- \/wp:paragraph -->","protected":false},"excerpt":{"rendered":"<p>&nbsp; Luxe gezichtsbehandeling 70 minuten Bestaande uit: Huidanalyse, reiniging, dieptereiniging, epileren wenkbrauwen, verwijderen onzuiverheden, gelaat-, nek- en decollet\u00e9massage, oogmasker, peel off\u00a0gezichtsmasker, hoofdhuidmassage, oogcr\u00e8me, huidolie of serum, dagcr\u00e8me . \u20ac 59,- &nbsp; Basis gezichtsbehandeling 60 minuten Bestaande uit: Huidanalyse, reiniging, dieptereiniging,&#8230; <\/p>\n","protected":false},"author":1,"featured_media":0,"parent":0,"menu_order":0,"comment_status":"closed","ping_status":"closed","template":"template-full-width.php","meta":{"footnotes":""},"class_list":["post-5","page","type-page","status-publish","hentry"],"_links":{"self":[{"href":"https:\/\/schoonheidssalonjohanna.nl\/salon\/wp-json\/wp\/v2\/pages\/5","targetHints":{"allow":["GET"]}}],"collection":[{"href":"https:\/\/schoonheidssalonjohanna.nl\/salon\/wp-json\/wp\/v2\/pages"}],"about":[{"href":"https:\/\/schoonheidssalonjohanna.nl\/salon\/wp-json\/wp\/v2\/types\/page"}],"author":[{"embeddable":true,"href":"https:\/\/schoonheidssalonjohanna.nl\/salon\/wp-json\/wp\/v2\/users\/1"}],"replies":[{"embeddable":true,"href":"https:\/\/schoonheidssalonjohanna.nl\/salon\/wp-json\/wp\/v2\/comments?post=5"}],"version-history":[{"count":41,"href":"https:\/\/schoonheidssalonjohanna.nl\/salon\/wp-json\/wp\/v2\/pages\/5\/revisions"}],"predecessor-version":[{"id":539,"href":"https:\/\/schoonheidssalonjohanna.nl\/salon\/wp-json\/wp\/v2\/pages\/5\/revisions\/539"}],"wp:attachment":[{"href":"https:\/\/schoonheidssalonjohanna.nl\/salon\/wp-json\/wp\/v2\/media?parent=5"}],"curies":[{"name":"wp","href":"https:\/\/api.w.org\/{rel}","templated":true}]}}