
{"id":275,"date":"2019-01-05T14:52:53","date_gmt":"2019-01-05T14:52:53","guid":{"rendered":"https:\/\/schoonheidssalonjohanna.nl\/salon\/?page_id=275"},"modified":"2025-12-20T12:10:45","modified_gmt":"2025-12-20T12:10:45","slug":"fruitzuurpeeling","status":"publish","type":"page","link":"https:\/\/schoonheidssalonjohanna.nl\/salon\/fruitzuurpeeling\/","title":{"rendered":"Fruitzuurpeeling"},"content":{"rendered":"\r\n<p><br \/>Een effectieve huidverbeterende behandeling in de salon is een fruitzuurpeeling (glycolzuur en salicylzuur). Je kunt het gebruiken bij:<br \/>-hyperpigmentatie<br \/>-fijne lijntjes <br \/>-acn\u00e9 en comedonen <br \/>-oppervlakkige littekentjes van bijv. acn\u00e9<br \/>-oneffen huidtextuur met grove pori\u00ebn <br \/>-doffe grauwe huid<\/p>\r\n\r\n\r\n\r\n<p>Huidanalyse, epileren wenkbrauwen, reiniging, fruitzuurpeeling, verwijderen onzuiverheden, masker, massage, serum, dagcr\u00e8me \u20ac 52,-<\/p>\r\n<p>Huidanalyse, reiniging, fruitzuurpeeling, verwijderen onzuiverheden, masker, dagcr\u00e8me \u20ac 44,-<\/p>\r\n\r\n\r\n\r\n<p>&nbsp;<\/p>\r\n\r\n\r\n\r\n<p>&nbsp;<\/p>\r\n","protected":false},"excerpt":{"rendered":"<p>Een effectieve huidverbeterende behandeling in de salon is een fruitzuurpeeling (glycolzuur en salicylzuur). Je kunt het gebruiken bij:-hyperpigmentatie-fijne lijntjes -acn\u00e9 en comedonen -oppervlakkige littekentjes van bijv. acn\u00e9-oneffen huidtextuur met grove pori\u00ebn -doffe grauwe huid Huidanalyse, epileren wenkbrauwen, reiniging, fruitzuurpeeling, verwijderen&#8230; <\/p>\n","protected":false},"author":2,"featured_media":0,"parent":0,"menu_order":0,"comment_status":"closed","ping_status":"closed","template":"","meta":{"footnotes":""},"class_list":["post-275","page","type-page","status-publish","hentry"],"_links":{"self":[{"href":"https:\/\/schoonheidssalonjohanna.nl\/salon\/wp-json\/wp\/v2\/pages\/275","targetHints":{"allow":["GET"]}}],"collection":[{"href":"https:\/\/schoonheidssalonjohanna.nl\/salon\/wp-json\/wp\/v2\/pages"}],"about":[{"href":"https:\/\/schoonheidssalonjohanna.nl\/salon\/wp-json\/wp\/v2\/types\/page"}],"author":[{"embeddable":true,"href":"https:\/\/schoonheidssalonjohanna.nl\/salon\/wp-json\/wp\/v2\/users\/2"}],"replies":[{"embeddable":true,"href":"https:\/\/schoonheidssalonjohanna.nl\/salon\/wp-json\/wp\/v2\/comments?post=275"}],"version-history":[{"count":9,"href":"https:\/\/schoonheidssalonjohanna.nl\/salon\/wp-json\/wp\/v2\/pages\/275\/revisions"}],"predecessor-version":[{"id":532,"href":"https:\/\/schoonheidssalonjohanna.nl\/salon\/wp-json\/wp\/v2\/pages\/275\/revisions\/532"}],"wp:attachment":[{"href":"https:\/\/schoonheidssalonjohanna.nl\/salon\/wp-json\/wp\/v2\/media?parent=275"}],"curies":[{"name":"wp","href":"https:\/\/api.w.org\/{rel}","templated":true}]}}